{"id":8,"date":"2024-03-18T18:47:25","date_gmt":"2024-03-18T18:47:25","guid":{"rendered":"https:\/\/cdtierrasdecastilla.es\/?page_id=8"},"modified":"2026-03-08T19:24:06","modified_gmt":"2026-03-08T19:24:06","slug":"viii-rs-guadamur","status":"publish","type":"page","link":"https:\/\/cdtierrasdecastilla.es\/index.php\/viii-rs-guadamur\/","title":{"rendered":"VIII RS Guadamur"},"content":{"rendered":"\n<h2>\n\t\tRallysprint Guadamur &#8211; Tesoro de Guarrazar\n\t<\/h2>\n\t\t\t\t<img loading=\"lazy\" decoding=\"async\" src=\"https:\/\/cdtierrasdecastilla.es\/wp-content\/uploads\/2025\/03\/Guadamur.png\" alt=\"Guadamur\" itemprop=\"image\" height=\"868\" width=\"2791\" title=\"Guadamur\" onerror=\"this.style.display='none'\"  \/>\n<h3>\n\t\tGU\u00cdA DEL ESPECTADOR\n\t<\/h3>\n\t\t\t\t<img loading=\"lazy\" decoding=\"async\" src=\"https:\/\/cdtierrasdecastilla.es\/wp-content\/uploads\/2025\/04\/Horarios.png\" alt=\"Horarios\" itemprop=\"image\" height=\"600\" width=\"2000\" title=\"Horarios\" onerror=\"this.style.display='none'\"  \/>\n\t<iframe loading=\"lazy\" src=\"https:\/\/www.google.com\/maps\/d\/embed?mid=1l4rTYYA_uSkpM-eHWLmyWHLVeKBW7I8&#038;ehbc=2E312F\" width=\"600\" height=\"450\" frameborder=\"0\" allowfullscreen=\"\"><\/iframe>\n<h3>\n\t\t\u00a1Los tramos!\n\t<\/h3>\n\t<p>Ya puedes revisar los mapas interactivos con los tramos.<\/p>\n<p>Recordad situaros en lugares seguros y atender siempre las indicaciones de los oficiales.<\/p>\n<h3>\n\t\tInscripciones\n\t<\/h3>\n\t<p>Las inscripciones se realizar\u00e1n a trav\u00e9s de la plataforma Podium de la FMA desde el d\u00eda <strong>11\u00a0de Marzo a las 10.00<\/strong> hasta el<strong> 31 de Marzo a las 20.00<\/strong>, estando esta bonificada hasta el<strong> 24 de Marzo a las 20.00.<\/strong><\/p>\n\t\t\t<a href=\"https:\/\/fma-fedeauto.podiumsoft.info\/\" target=\"_blank\" rel=\"noopener\">\n\t\t\t\t\t\t\tInscribirme\n\t\t\t\t\t<\/a>\n\t\t\t\t<img loading=\"lazy\" decoding=\"async\" src=\"https:\/\/cdtierrasdecastilla.es\/wp-content\/uploads\/2025\/03\/Cartel-p-scaled.jpg\" alt=\"Cartel p\" itemprop=\"image\" height=\"2560\" width=\"1810\" title=\"Cartel p\" onerror=\"this.style.display='none'\"  \/>\n\t\t\t\t<a href=\"https:\/\/webapp.sportity.com\/channel\/RSGUADAMUR25\" target=\"_self\" itemprop=\"url\" rel=\"noopener\">\n\t\t\t\t<img loading=\"lazy\" decoding=\"async\" src=\"https:\/\/cdtierrasdecastilla.es\/wp-content\/uploads\/2025\/03\/Boton-tablon-con-sportity-5.jpg\" alt=\"Bot\u00f3n tabl\u00f3n con sportity (5)\" itemprop=\"image\" height=\"300\" width=\"1000\" title=\"Bot\u00f3n tabl\u00f3n con sportity (5)\" onerror=\"this.style.display='none'\"  \/>\n\t\t\t\t<\/a>\n\t\t\t\t<a href=\"https:\/\/www.carrerasonline.es\/VIII-RALLYSPRINT-GUADAMUR_F232\" target=\"_blank\" rel=\"noopener\" itemprop=\"url\">\n\t\t\t\t<img loading=\"lazy\" decoding=\"async\" src=\"https:\/\/cdtierrasdecastilla.es\/wp-content\/uploads\/2024\/03\/Boton-tiempos-velocidad.jpg\" alt=\"Bot\u00f3n tiempos velocidad\" itemprop=\"image\" height=\"300\" width=\"1000\" title=\"Bot\u00f3n tiempos velocidad\" onerror=\"this.style.display='none'\"  \/>\n\t\t\t\t<\/a>\n\t\t\t\t<a href=\"https:\/\/t.me\/escuderiacentro\" target=\"_self\" itemprop=\"url\" rel=\"noopener\">\n\t\t\t\t<img loading=\"lazy\" decoding=\"async\" src=\"https:\/\/cdtierrasdecastilla.es\/wp-content\/uploads\/2024\/03\/Boton-telegram.jpg\" alt=\"Bot\u00f3n telegram\" itemprop=\"image\" height=\"300\" width=\"1000\" title=\"Bot\u00f3n telegram\" onerror=\"this.style.display='none'\"  \/>\n\t\t\t\t<\/a>\n\t\t\t\t<a href=\"https:\/\/whatsapp.com\/channel\/0029VaTRki6CnA7qNZnm3B2a\" target=\"_self\" itemprop=\"url\" rel=\"noopener\">\n\t\t\t\t<img loading=\"lazy\" decoding=\"async\" src=\"https:\/\/cdtierrasdecastilla.es\/wp-content\/uploads\/2024\/03\/Boton-whatsapp.jpg\" alt=\"Bot\u00f3n whatsapp\" itemprop=\"image\" height=\"300\" width=\"1000\" title=\"Bot\u00f3n whatsapp\" onerror=\"this.style.display='none'\"  \/>\n\t\t\t\t<\/a>\n<h3>\n\t\tOrganiza\n\t<\/h3>\n\t\t\t\t<a href=\"http:\/\/escuderiacentro.es\" target=\"_self\" itemprop=\"url\" rel=\"noopener\">\n\t\t\t\t<img loading=\"lazy\" decoding=\"async\" src=\"https:\/\/cdtierrasdecastilla.es\/wp-content\/uploads\/2024\/03\/EC-verde-horizontal.png\" alt=\"EC verde horizontal\" itemprop=\"image\" height=\"391\" width=\"2396\" title=\"EC verde horizontal\" onerror=\"this.style.display='none'\"  \/>\n\t\t\t\t<\/a>\n\t\t\t\t<img loading=\"lazy\" decoding=\"async\" src=\"https:\/\/cdtierrasdecastilla.es\/wp-content\/uploads\/2024\/03\/cropped-00-Logo.png\" alt=\"https:\/\/cdtierrasdecastilla.es\/wp-content\/uploads\/2024\/03\/cropped-00-Logo.png\" itemprop=\"image\" height=\"1017\" width=\"2863\" title=\"cropped-00-Logo.png\" onerror=\"this.style.display='none'\"  \/>\n<h3>\n\t\tColaboradores\n\t<\/h3>\n<h2>\n\t\t<div id=\"metaslider-id-87\" style=\"width: 100%; margin: 0 auto;\" class=\"ml-slider-3-62-0 metaslider metaslider-flex metaslider-87 ml-slider ms-theme-cubic nav-hidden has-carousel-mode\" role=\"region\" aria-roledescription=\"Slideshow\" aria-label=\"Guadamur24\">\n    <div id=\"metaslider_container_87\">\n        <div id=\"metaslider_87\">\n            <ul aria-live=\"polite\" class=\"slides\">\n                <li style=\"display: none; width: 100%;\" class=\"slide-104 ms-image \" aria-roledescription=\"slide\" aria-label=\"slide-104\"><a href=\"https:\/\/www.facm.es\/\" target=\"_blank\"><img loading=\"lazy\" decoding=\"async\" width=\"800\" height=\"800\" src=\"https:\/\/cdtierrasdecastilla.es\/wp-content\/uploads\/2024\/03\/FACM.png\" class=\"slider-87 slide-104\" alt=\"\" rel=\"\" title=\"FACM\" srcset=\"https:\/\/cdtierrasdecastilla.es\/wp-content\/uploads\/2024\/03\/FACM.png 800w, https:\/\/cdtierrasdecastilla.es\/wp-content\/uploads\/2024\/03\/FACM-300x300.png 300w, https:\/\/cdtierrasdecastilla.es\/wp-content\/uploads\/2024\/03\/FACM-150x150.png 150w, https:\/\/cdtierrasdecastilla.es\/wp-content\/uploads\/2024\/03\/FACM-768x768.png 768w\" sizes=\"(max-width: 800px) 100vw, 800px\" \/><\/a><\/li>\n                <li style=\"display: none; width: 100%;\" class=\"slide-92 ms-image \" aria-roledescription=\"slide\" aria-label=\"slide-92\"><a href=\"https:\/\/fmautomovilismo.com\/\" target=\"_blank\"><img loading=\"lazy\" decoding=\"async\" width=\"800\" height=\"800\" src=\"https:\/\/cdtierrasdecastilla.es\/wp-content\/uploads\/2024\/03\/FMA-2.png\" class=\"slider-87 slide-92\" alt=\"\" rel=\"\" title=\"FMA (2)\" srcset=\"https:\/\/cdtierrasdecastilla.es\/wp-content\/uploads\/2024\/03\/FMA-2.png 800w, https:\/\/cdtierrasdecastilla.es\/wp-content\/uploads\/2024\/03\/FMA-2-300x300.png 300w, https:\/\/cdtierrasdecastilla.es\/wp-content\/uploads\/2024\/03\/FMA-2-150x150.png 150w, https:\/\/cdtierrasdecastilla.es\/wp-content\/uploads\/2024\/03\/FMA-2-768x768.png 768w\" sizes=\"(max-width: 800px) 100vw, 800px\" \/><\/a><\/li>\n                <li style=\"display: none; width: 100%;\" class=\"slide-106 ms-image \" aria-roledescription=\"slide\" aria-label=\"slide-106\"><a href=\"https:\/\/www.guadamur.es\/\" target=\"_blank\"><img loading=\"lazy\" decoding=\"async\" width=\"800\" height=\"800\" src=\"https:\/\/cdtierrasdecastilla.es\/wp-content\/uploads\/2024\/03\/Ayto-Guadamur.png\" class=\"slider-87 slide-106\" alt=\"\" rel=\"\" title=\"Ayto Guadamur\" srcset=\"https:\/\/cdtierrasdecastilla.es\/wp-content\/uploads\/2024\/03\/Ayto-Guadamur.png 800w, https:\/\/cdtierrasdecastilla.es\/wp-content\/uploads\/2024\/03\/Ayto-Guadamur-300x300.png 300w, https:\/\/cdtierrasdecastilla.es\/wp-content\/uploads\/2024\/03\/Ayto-Guadamur-150x150.png 150w, https:\/\/cdtierrasdecastilla.es\/wp-content\/uploads\/2024\/03\/Ayto-Guadamur-768x768.png 768w\" sizes=\"(max-width: 800px) 100vw, 800px\" \/><\/a><\/li>\n                <li style=\"display: none; width: 100%;\" class=\"slide-103 ms-image \" aria-roledescription=\"slide\" aria-label=\"slide-103\"><a href=\"https:\/\/aytopolan.es\/\" target=\"_blank\"><img loading=\"lazy\" decoding=\"async\" width=\"800\" height=\"800\" src=\"https:\/\/cdtierrasdecastilla.es\/wp-content\/uploads\/2024\/03\/Ayto-Polan.png\" class=\"slider-87 slide-103\" alt=\"\" rel=\"\" title=\"Ayto Pol\u00e1n\" srcset=\"https:\/\/cdtierrasdecastilla.es\/wp-content\/uploads\/2024\/03\/Ayto-Polan.png 800w, https:\/\/cdtierrasdecastilla.es\/wp-content\/uploads\/2024\/03\/Ayto-Polan-300x300.png 300w, https:\/\/cdtierrasdecastilla.es\/wp-content\/uploads\/2024\/03\/Ayto-Polan-150x150.png 150w, https:\/\/cdtierrasdecastilla.es\/wp-content\/uploads\/2024\/03\/Ayto-Polan-768x768.png 768w\" sizes=\"(max-width: 800px) 100vw, 800px\" \/><\/a><\/li>\n                <li style=\"display: none; width: 100%;\" class=\"slide-98 ms-image \" aria-roledescription=\"slide\" aria-label=\"slide-98\"><img loading=\"lazy\" decoding=\"async\" width=\"800\" height=\"800\" src=\"https:\/\/cdtierrasdecastilla.es\/wp-content\/uploads\/2024\/03\/Ayuntamiento-de-Casasbuenas.png\" class=\"slider-87 slide-98\" alt=\"\" rel=\"\" title=\"Ayuntamiento de Casasbuenas\" srcset=\"https:\/\/cdtierrasdecastilla.es\/wp-content\/uploads\/2024\/03\/Ayuntamiento-de-Casasbuenas.png 800w, https:\/\/cdtierrasdecastilla.es\/wp-content\/uploads\/2024\/03\/Ayuntamiento-de-Casasbuenas-300x300.png 300w, https:\/\/cdtierrasdecastilla.es\/wp-content\/uploads\/2024\/03\/Ayuntamiento-de-Casasbuenas-150x150.png 150w, https:\/\/cdtierrasdecastilla.es\/wp-content\/uploads\/2024\/03\/Ayuntamiento-de-Casasbuenas-768x768.png 768w\" sizes=\"(max-width: 800px) 100vw, 800px\" \/><\/li>\n            <\/ul>\n        <\/div>\n        \n    <\/div>\n<\/div>\n\t<\/h2>\n\n","protected":false},"excerpt":{"rendered":"<p>Rallysprint Guadamur &#8211; Tesoro de Guarrazar GU\u00cdA DEL ESPECTADOR \u00a1Los tramos! Ya puedes revisar los mapas interactivos con los tramos. Recordad situaros en lugares seguros y atender siempre las indicaciones de los oficiales. Inscripciones Las inscripciones se realizar\u00e1n a trav\u00e9s de la plataforma Podium de la FMA desde el d\u00eda 11\u00a0de Marzo a las 10.00 [&hellip;]<\/p>\n","protected":false},"author":1,"featured_media":0,"parent":0,"menu_order":0,"comment_status":"closed","ping_status":"closed","template":"","meta":{"site-sidebar-layout":"no-sidebar","site-content-layout":"plain-container","ast-site-content-layout":"","site-content-style":"default","site-sidebar-style":"default","ast-global-header-display":"","ast-banner-title-visibility":"","ast-main-header-display":"","ast-hfb-above-header-display":"","ast-hfb-below-header-display":"","ast-hfb-mobile-header-display":"","site-post-title":"disabled","ast-breadcrumbs-content":"","ast-featured-img":"","footer-sml-layout":"","theme-transparent-header-meta":"enabled","adv-header-id-meta":"","stick-header-meta":"","header-above-stick-meta":"","header-main-stick-meta":"","header-below-stick-meta":"","astra-migrate-meta-layouts":"default","ast-page-background-enabled":"default","ast-page-background-meta":{"desktop":{"background-color":"var(--ast-global-color-4)","background-image":"","background-repeat":"repeat","background-position":"center center","background-size":"auto","background-attachment":"scroll","background-type":"","background-media":"","overlay-type":"","overlay-color":"","overlay-gradient":""},"tablet":{"background-color":"","background-image":"","background-repeat":"repeat","background-position":"center center","background-size":"auto","background-attachment":"scroll","background-type":"","background-media":"","overlay-type":"","overlay-color":"","overlay-gradient":""},"mobile":{"background-color":"","background-image":"","background-repeat":"repeat","background-position":"center center","background-size":"auto","background-attachment":"scroll","background-type":"","background-media":"","overlay-type":"","overlay-color":"","overlay-gradient":""}},"ast-content-background-meta":{"desktop":{"background-color":"var(--ast-global-color-5)","background-image":"","background-repeat":"repeat","background-position":"center center","background-size":"auto","background-attachment":"scroll","background-type":"","background-media":"","overlay-type":"","overlay-color":"","overlay-gradient":""},"tablet":{"background-color":"var(--ast-global-color-5)","background-image":"","background-repeat":"repeat","background-position":"center center","background-size":"auto","background-attachment":"scroll","background-type":"","background-media":"","overlay-type":"","overlay-color":"","overlay-gradient":""},"mobile":{"background-color":"var(--ast-global-color-5)","background-image":"","background-repeat":"repeat","background-position":"center center","background-size":"auto","background-attachment":"scroll","background-type":"","background-media":"","overlay-type":"","overlay-color":"","overlay-gradient":""}},"footnotes":""},"_links":{"self":[{"href":"https:\/\/cdtierrasdecastilla.es\/index.php\/wp-json\/wp\/v2\/pages\/8"}],"collection":[{"href":"https:\/\/cdtierrasdecastilla.es\/index.php\/wp-json\/wp\/v2\/pages"}],"about":[{"href":"https:\/\/cdtierrasdecastilla.es\/index.php\/wp-json\/wp\/v2\/types\/page"}],"author":[{"embeddable":true,"href":"https:\/\/cdtierrasdecastilla.es\/index.php\/wp-json\/wp\/v2\/users\/1"}],"replies":[{"embeddable":true,"href":"https:\/\/cdtierrasdecastilla.es\/index.php\/wp-json\/wp\/v2\/comments?post=8"}],"version-history":[{"count":27,"href":"https:\/\/cdtierrasdecastilla.es\/index.php\/wp-json\/wp\/v2\/pages\/8\/revisions"}],"predecessor-version":[{"id":246,"href":"https:\/\/cdtierrasdecastilla.es\/index.php\/wp-json\/wp\/v2\/pages\/8\/revisions\/246"}],"wp:attachment":[{"href":"https:\/\/cdtierrasdecastilla.es\/index.php\/wp-json\/wp\/v2\/media?parent=8"}],"curies":[{"name":"wp","href":"https:\/\/api.w.org\/{rel}","templated":true}]}}