{"id":224,"date":"2026-03-08T18:12:10","date_gmt":"2026-03-08T18:12:10","guid":{"rendered":"https:\/\/cdtierrasdecastilla.es\/?page_id=224"},"modified":"2026-03-08T18:12:10","modified_gmt":"2026-03-08T18:12:10","slug":"i-tct-maqueda","status":"publish","type":"page","link":"https:\/\/cdtierrasdecastilla.es\/index.php\/i-tct-maqueda\/","title":{"rendered":"I TC Tierra Maqueda"},"content":{"rendered":"\n<h3>\n\t\tI TRAMO CRONOMETRADO DE TIERRA MAQUEDA\n\t<\/h3>\n\t\t\t\t<img loading=\"lazy\" decoding=\"async\" src=\"https:\/\/cdtierrasdecastilla.es\/wp-content\/uploads\/2026\/03\/LOGO-I-TCT-MAQUEDA-1.png\" alt=\"LOGO I TCT MAQUEDA\" itemprop=\"image\" height=\"334\" width=\"909\" title=\"LOGO I TCT MAQUEDA\" onerror=\"this.style.display='none'\"  \/>\n<h3>\n\t\tInscripciones\n\t<\/h3>\n\t<p>Las inscripciones se realizar\u00e1n a trav\u00e9s de la plataforma Podium de la FMA desde el d\u00eda <strong>10 de Marzo a las 10.00<\/strong> hasta el<strong> 7 de Abril a las 12.00<\/strong>, estando esta bonificada hasta el<strong> 31 de Marzo a las 12.00.<\/strong><\/p>\n\t\t\t<a href=\"https:\/\/fma-fedeauto.podiumsoft.info\/\" target=\"_blank\" rel=\"noopener\">\n\t\t\t\t\t\t\tInscribirme\n\t\t\t\t\t<\/a>\n\t\t\t\t<img loading=\"lazy\" decoding=\"async\" src=\"https:\/\/cdtierrasdecastilla.es\/wp-content\/uploads\/2026\/03\/cartel_provisional-carrerasonline.png\" alt=\"cartel I TCT MAQUEDA\" itemprop=\"image\" height=\"727\" width=\"511\" title=\"cartel I TCT MAQUEDA\" onerror=\"this.style.display='none'\"  \/>\n\t\t\t\t<a href=\"https:\/\/webapp.sportity.com\/channel\/CDTC2026\" target=\"_self\" itemprop=\"url\" rel=\"noopener\">\n\t\t\t\t<img decoding=\"async\" src=\"https:\/\/cdtierrasdecastilla.es\/wp-content\/uploads\/2026\/03\/CDTC2026_BOTON_SPORTITY.png\" alt=\"\" itemprop=\"image\" onerror=\"this.style.display='none'\"  \/>\n\t\t\t\t<\/a>\n\t\t\t\t<a href=\"https:\/\/webapp.sportity.com\/channel\/CDTC2026\" target=\"_blank\" rel=\"noopener\" itemprop=\"url\">\n\t\t\t\t<img loading=\"lazy\" decoding=\"async\" src=\"https:\/\/cdtierrasdecastilla.es\/wp-content\/uploads\/2026\/03\/CDTC2026_BOTON_SPORTITY_1000.png\" alt=\"CDTC2026_BOTON_SPORTITY_1000\" itemprop=\"image\" height=\"301\" width=\"1000\" title=\"CDTC2026_BOTON_SPORTITY_1000\" onerror=\"this.style.display='none'\"  \/>\n\t\t\t\t<\/a>\n\t\t\t\t<a href=\"https:\/\/www.carrerasonline.es\/I-TCT-MAQUEDA_F251\" target=\"_blank\" rel=\"noopener\" itemprop=\"url\">\n\t\t\t\t<img loading=\"lazy\" decoding=\"async\" src=\"https:\/\/cdtierrasdecastilla.es\/wp-content\/uploads\/2024\/03\/Boton-tiempos-velocidad.jpg\" alt=\"Bot\u00f3n tiempos velocidad\" itemprop=\"image\" height=\"300\" width=\"1000\" title=\"Bot\u00f3n tiempos velocidad\" onerror=\"this.style.display='none'\"  \/>\n\t\t\t\t<\/a>\n\t\t\t\t<a href=\"https:\/\/t.me\/escuderiacentro\" target=\"_self\" itemprop=\"url\" rel=\"noopener\">\n\t\t\t\t<img loading=\"lazy\" decoding=\"async\" src=\"https:\/\/cdtierrasdecastilla.es\/wp-content\/uploads\/2024\/03\/Boton-telegram.jpg\" alt=\"Bot\u00f3n telegram\" itemprop=\"image\" height=\"300\" width=\"1000\" title=\"Bot\u00f3n telegram\" onerror=\"this.style.display='none'\"  \/>\n\t\t\t\t<\/a>\n\t\t\t\t<a href=\"https:\/\/whatsapp.com\/channel\/0029VaTRki6CnA7qNZnm3B2a\" target=\"_self\" itemprop=\"url\" rel=\"noopener\">\n\t\t\t\t<img loading=\"lazy\" decoding=\"async\" src=\"https:\/\/cdtierrasdecastilla.es\/wp-content\/uploads\/2024\/03\/Boton-whatsapp.jpg\" alt=\"Bot\u00f3n whatsapp\" itemprop=\"image\" height=\"300\" width=\"1000\" title=\"Bot\u00f3n whatsapp\" onerror=\"this.style.display='none'\"  \/>\n\t\t\t\t<\/a>\n<h3>\n\t\tOrganizan: \n\t<\/h3>\n\t\t\t\t<img loading=\"lazy\" decoding=\"async\" src=\"https:\/\/cdtierrasdecastilla.es\/wp-content\/uploads\/2024\/03\/cropped-00-Logo.png\" alt=\"https:\/\/cdtierrasdecastilla.es\/wp-content\/uploads\/2024\/03\/cropped-00-Logo.png\" itemprop=\"image\" height=\"1017\" width=\"2863\" title=\"cropped-00-Logo.png\" onerror=\"this.style.display='none'\"  \/>\n\t\t\t\t<img loading=\"lazy\" decoding=\"async\" src=\"https:\/\/cdtierrasdecastilla.es\/wp-content\/uploads\/2024\/03\/EC-verde-horizontal-300x49.png\" alt=\"EC verde horizontal\" itemprop=\"image\" height=\"49\" width=\"300\" title=\"EC verde horizontal\" onerror=\"this.style.display='none'\"  \/>\n<h3>\n\t\tColaboradores\n\t<\/h3>\n\n","protected":false},"excerpt":{"rendered":"<p>I TRAMO CRONOMETRADO DE TIERRA MAQUEDA Inscripciones Las inscripciones se realizar\u00e1n a trav\u00e9s de la plataforma Podium de la FMA desde el d\u00eda 10 de Marzo a las 10.00 hasta el 7 de Abril a las 12.00, estando esta bonificada hasta el 31 de Marzo a las 12.00. Inscribirme Organizan: Colaboradores<\/p>\n","protected":false},"author":1,"featured_media":0,"parent":0,"menu_order":0,"comment_status":"closed","ping_status":"closed","template":"","meta":{"site-sidebar-layout":"no-sidebar","site-content-layout":"plain-container","ast-site-content-layout":"","site-content-style":"default","site-sidebar-style":"default","ast-global-header-display":"","ast-banner-title-visibility":"","ast-main-header-display":"","ast-hfb-above-header-display":"","ast-hfb-below-header-display":"","ast-hfb-mobile-header-display":"","site-post-title":"disabled","ast-breadcrumbs-content":"","ast-featured-img":"","footer-sml-layout":"","theme-transparent-header-meta":"enabled","adv-header-id-meta":"","stick-header-meta":"","header-above-stick-meta":"","header-main-stick-meta":"","header-below-stick-meta":"","astra-migrate-meta-layouts":"default","ast-page-background-enabled":"default","ast-page-background-meta":{"desktop":{"background-color":"var(--ast-global-color-4)","background-image":"","background-repeat":"repeat","background-position":"center center","background-size":"auto","background-attachment":"scroll","background-type":"","background-media":"","overlay-type":"","overlay-color":"","overlay-gradient":""},"tablet":{"background-color":"","background-image":"","background-repeat":"repeat","background-position":"center center","background-size":"auto","background-attachment":"scroll","background-type":"","background-media":"","overlay-type":"","overlay-color":"","overlay-gradient":""},"mobile":{"background-color":"","background-image":"","background-repeat":"repeat","background-position":"center center","background-size":"auto","background-attachment":"scroll","background-type":"","background-media":"","overlay-type":"","overlay-color":"","overlay-gradient":""}},"ast-content-background-meta":{"desktop":{"background-color":"var(--ast-global-color-5)","background-image":"","background-repeat":"repeat","background-position":"center center","background-size":"auto","background-attachment":"scroll","background-type":"","background-media":"","overlay-type":"","overlay-color":"","overlay-gradient":""},"tablet":{"background-color":"var(--ast-global-color-5)","background-image":"","background-repeat":"repeat","background-position":"center center","background-size":"auto","background-attachment":"scroll","background-type":"","background-media":"","overlay-type":"","overlay-color":"","overlay-gradient":""},"mobile":{"background-color":"var(--ast-global-color-5)","background-image":"","background-repeat":"repeat","background-position":"center center","background-size":"auto","background-attachment":"scroll","background-type":"","background-media":"","overlay-type":"","overlay-color":"","overlay-gradient":""}},"footnotes":""},"_links":{"self":[{"href":"https:\/\/cdtierrasdecastilla.es\/index.php\/wp-json\/wp\/v2\/pages\/224"}],"collection":[{"href":"https:\/\/cdtierrasdecastilla.es\/index.php\/wp-json\/wp\/v2\/pages"}],"about":[{"href":"https:\/\/cdtierrasdecastilla.es\/index.php\/wp-json\/wp\/v2\/types\/page"}],"author":[{"embeddable":true,"href":"https:\/\/cdtierrasdecastilla.es\/index.php\/wp-json\/wp\/v2\/users\/1"}],"replies":[{"embeddable":true,"href":"https:\/\/cdtierrasdecastilla.es\/index.php\/wp-json\/wp\/v2\/comments?post=224"}],"version-history":[{"count":11,"href":"https:\/\/cdtierrasdecastilla.es\/index.php\/wp-json\/wp\/v2\/pages\/224\/revisions"}],"predecessor-version":[{"id":242,"href":"https:\/\/cdtierrasdecastilla.es\/index.php\/wp-json\/wp\/v2\/pages\/224\/revisions\/242"}],"wp:attachment":[{"href":"https:\/\/cdtierrasdecastilla.es\/index.php\/wp-json\/wp\/v2\/media?parent=224"}],"curies":[{"name":"wp","href":"https:\/\/api.w.org\/{rel}","templated":true}]}}