{"id":137,"date":"2025-05-07T17:52:48","date_gmt":"2025-05-07T17:52:48","guid":{"rendered":"https:\/\/cdtierrasdecastilla.es\/?page_id=137"},"modified":"2025-05-26T14:51:01","modified_gmt":"2025-05-26T14:51:01","slug":"tcs-ciudad-imperial","status":"publish","type":"page","link":"https:\/\/cdtierrasdecastilla.es\/index.php\/tcs-ciudad-imperial\/","title":{"rendered":"Subida Imperial Toledo"},"content":{"rendered":"\n<h3>\n\t\tTramo Cronometrado en subida &#8211; Ciudad Imperial Toledo\n\t<\/h3>\n\t\t\t\t<img loading=\"lazy\" decoding=\"async\" src=\"https:\/\/cdtierrasdecastilla.es\/wp-content\/uploads\/2025\/05\/Logo-fondo-claro-fecha-283x300.png\" alt=\"Logo fondo claro + fecha\" itemprop=\"image\" height=\"300\" width=\"283\" title=\"Logo fondo claro + fecha\" onerror=\"this.style.display='none'\"  \/>\n<h3>\n\t\tGU\u00cdA DEL ESPECTADOR\n\t<\/h3>\n\t\t\t\t<img loading=\"lazy\" decoding=\"async\" src=\"https:\/\/cdtierrasdecastilla.es\/wp-content\/uploads\/2025\/05\/Horarios-6.png\" alt=\"Horarios (6)\" itemprop=\"image\" height=\"600\" width=\"2000\" title=\"Horarios (6)\" onerror=\"this.style.display='none'\"  \/>\n\t<iframe loading=\"lazy\" src=\"https:\/\/www.google.com\/maps\/d\/embed?mid=1fw5-yIblShbTHYjnJy2IQDVwiKGJJ70&#038;ehbc=2E312F\" width=\"600\" height=\"450\" frameborder=\"0\" allowfullscreen=\"\"><\/iframe>\n<h3>\n\t\tEl Recorrido\n\t<\/h3>\n\t<p>Ya puedes revisar el mapa interactivo del recorrido.<\/p>\n<p>Recordad situaros en lugares seguros y atender siempre las indicaciones de los oficiales.<\/p>\n<h3>\n\t\tInscripciones\n\t<\/h3>\n\t<p>Las inscripciones se realizar\u00e1n a trav\u00e9s de la plataforma Podium de la FMA desde el d\u00eda <strong>6 de Mayo a las 10.00<\/strong> hasta el<strong> 2 de Junio a las 20.00.<\/strong><\/p>\n\t\t\t<a href=\"https:\/\/fma-fedeauto.podiumsoft.info\/\" target=\"_blank\" rel=\"noopener\">\n\t\t\t\t\t\t\tInscribirme\n\t\t\t\t\t<\/a>\n\t\t\t\t<img loading=\"lazy\" decoding=\"async\" src=\"https:\/\/cdtierrasdecastilla.es\/wp-content\/uploads\/2025\/05\/Cartel-subida-ciudad-imperial-2025-p-scaled.jpg\" alt=\"Cartel subida ciudad imperial 2025 p\" itemprop=\"image\" height=\"2560\" width=\"1810\" title=\"Cartel subida ciudad imperial 2025 p\" onerror=\"this.style.display='none'\"  \/>\n\t\t\t\t<a href=\"https:\/\/webapp.sportity.com\/channel\/tcstoledo25\" target=\"_self\" itemprop=\"url\" rel=\"noopener\">\n\t\t\t\t<img loading=\"lazy\" decoding=\"async\" src=\"https:\/\/cdtierrasdecastilla.es\/wp-content\/uploads\/2025\/05\/Boton-tablon-con-sportity-6.jpg\" alt=\"Bot\u00f3n tabl\u00f3n con sportity (6)\" itemprop=\"image\" height=\"300\" width=\"1000\" title=\"Bot\u00f3n tabl\u00f3n con sportity (6)\" onerror=\"this.style.display='none'\"  \/>\n\t\t\t\t<\/a>\n\t\t\t\t<a href=\"https:\/\/www.carrerasonline.es\/XII-SUBIDA-CIUDAD-IMPERIAL-TOLEDO_F237\" target=\"_blank\" rel=\"noopener\" itemprop=\"url\">\n\t\t\t\t<img loading=\"lazy\" decoding=\"async\" src=\"https:\/\/cdtierrasdecastilla.es\/wp-content\/uploads\/2025\/05\/Boton-tiempos.jpg\" alt=\"Bot\u00f3n tiempos\" itemprop=\"image\" height=\"300\" width=\"1000\" title=\"Bot\u00f3n tiempos\" onerror=\"this.style.display='none'\"  \/>\n\t\t\t\t<\/a>\n\t\t\t\t<a href=\"https:\/\/t.me\/escuderiacentro\" target=\"_self\" itemprop=\"url\" rel=\"noopener\">\n\t\t\t\t<img loading=\"lazy\" decoding=\"async\" src=\"https:\/\/cdtierrasdecastilla.es\/wp-content\/uploads\/2025\/05\/Boton-telegram-2.jpg\" alt=\"Bot\u00f3n telegram (2)\" itemprop=\"image\" height=\"300\" width=\"1000\" title=\"Bot\u00f3n telegram (2)\" onerror=\"this.style.display='none'\"  \/>\n\t\t\t\t<\/a>\n\t\t\t\t<a href=\"https:\/\/whatsapp.com\/channel\/0029VaTRki6CnA7qNZnm3B2a\" target=\"_self\" itemprop=\"url\" rel=\"noopener\">\n\t\t\t\t<img loading=\"lazy\" decoding=\"async\" src=\"https:\/\/cdtierrasdecastilla.es\/wp-content\/uploads\/2025\/05\/Boton-whatsapp-2.jpg\" alt=\"Bot\u00f3n whatsapp (2)\" itemprop=\"image\" height=\"300\" width=\"1000\" title=\"Bot\u00f3n whatsapp (2)\" onerror=\"this.style.display='none'\"  \/>\n\t\t\t\t<\/a>\n<h3>\n\t\tOrganiza\n\t<\/h3>\n\t\t\t\t<a href=\"http:\/\/escuderiacentro.es\" target=\"_self\" itemprop=\"url\" rel=\"noopener\">\n\t\t\t\t<img loading=\"lazy\" decoding=\"async\" src=\"https:\/\/cdtierrasdecastilla.es\/wp-content\/uploads\/2024\/03\/EC-verde-horizontal.png\" alt=\"EC verde horizontal\" itemprop=\"image\" height=\"391\" width=\"2396\" title=\"EC verde horizontal\" onerror=\"this.style.display='none'\"  \/>\n\t\t\t\t<\/a>\n\t\t\t\t<img loading=\"lazy\" decoding=\"async\" src=\"https:\/\/cdtierrasdecastilla.es\/wp-content\/uploads\/2024\/03\/cropped-00-Logo.png\" alt=\"https:\/\/cdtierrasdecastilla.es\/wp-content\/uploads\/2024\/03\/cropped-00-Logo.png\" itemprop=\"image\" height=\"1017\" width=\"2863\" title=\"cropped-00-Logo.png\" onerror=\"this.style.display='none'\"  \/>\n<h3>\n\t\tColaboradores\n\t<\/h3>\n<h2>\n\t\t<div id=\"metaslider-id-159\" style=\"width: 100%; margin: 0 auto;\" class=\"ml-slider-3-62-0 metaslider metaslider-flex metaslider-159 ml-slider ms-theme-cubic nav-hidden has-carousel-mode\" role=\"region\" aria-roledescription=\"Slideshow\" aria-label=\"Subida 25\">\n    <div id=\"metaslider_container_159\">\n        <div id=\"metaslider_159\">\n            <ul aria-live=\"polite\" class=\"slides\">\n                <li style=\"display: none; width: 100%;\" class=\"slide-189 ms-image \" aria-roledescription=\"slide\" aria-label=\"slide-189\"><a href=\"https:\/\/www.facm.es\/\" target=\"_blank\"><img loading=\"lazy\" decoding=\"async\" width=\"800\" height=\"800\" src=\"https:\/\/cdtierrasdecastilla.es\/wp-content\/uploads\/2025\/05\/FACM-2.png\" class=\"slider-159 slide-189\" alt=\"\" rel=\"\" title=\"FACM (2)\" srcset=\"https:\/\/cdtierrasdecastilla.es\/wp-content\/uploads\/2025\/05\/FACM-2.png 800w, https:\/\/cdtierrasdecastilla.es\/wp-content\/uploads\/2025\/05\/FACM-2-300x300.png 300w, https:\/\/cdtierrasdecastilla.es\/wp-content\/uploads\/2025\/05\/FACM-2-150x150.png 150w, https:\/\/cdtierrasdecastilla.es\/wp-content\/uploads\/2025\/05\/FACM-2-768x768.png 768w\" sizes=\"(max-width: 800px) 100vw, 800px\" \/><\/a><\/li>\n                <li style=\"display: none; width: 100%;\" class=\"slide-161 ms-image \" aria-roledescription=\"slide\" aria-label=\"slide-161\"><a href=\"https:\/\/fmautomovilismo.com\/\" target=\"_blank\"><img loading=\"lazy\" decoding=\"async\" width=\"800\" height=\"800\" src=\"https:\/\/cdtierrasdecastilla.es\/wp-content\/uploads\/2024\/03\/FMA-2.png\" class=\"slider-159 slide-161\" alt=\"\" rel=\"\" title=\"FMA (2)\" srcset=\"https:\/\/cdtierrasdecastilla.es\/wp-content\/uploads\/2024\/03\/FMA-2.png 800w, https:\/\/cdtierrasdecastilla.es\/wp-content\/uploads\/2024\/03\/FMA-2-300x300.png 300w, https:\/\/cdtierrasdecastilla.es\/wp-content\/uploads\/2024\/03\/FMA-2-150x150.png 150w, https:\/\/cdtierrasdecastilla.es\/wp-content\/uploads\/2024\/03\/FMA-2-768x768.png 768w\" sizes=\"(max-width: 800px) 100vw, 800px\" \/><\/a><\/li>\n                <li style=\"display: none; width: 100%;\" class=\"slide-162 ms-image \" aria-roledescription=\"slide\" aria-label=\"slide-162\"><a href=\"https:\/\/www.toledo.es\/\" target=\"_blank\"><img loading=\"lazy\" decoding=\"async\" width=\"800\" height=\"800\" src=\"https:\/\/cdtierrasdecastilla.es\/wp-content\/uploads\/2025\/05\/Ayto-Toledo.png\" class=\"slider-159 slide-162\" alt=\"\" rel=\"\" title=\"Ayto Toledo\" srcset=\"https:\/\/cdtierrasdecastilla.es\/wp-content\/uploads\/2025\/05\/Ayto-Toledo.png 800w, https:\/\/cdtierrasdecastilla.es\/wp-content\/uploads\/2025\/05\/Ayto-Toledo-300x300.png 300w, https:\/\/cdtierrasdecastilla.es\/wp-content\/uploads\/2025\/05\/Ayto-Toledo-150x150.png 150w, https:\/\/cdtierrasdecastilla.es\/wp-content\/uploads\/2025\/05\/Ayto-Toledo-768x768.png 768w\" sizes=\"(max-width: 800px) 100vw, 800px\" \/><\/a><\/li>\n                <li style=\"display: none; width: 100%;\" class=\"slide-163 ms-image \" aria-roledescription=\"slide\" aria-label=\"slide-163\"><a href=\"https:\/\/toledociudadeuropeadeldeporte.es\/\" target=\"_blank\"><img loading=\"lazy\" decoding=\"async\" width=\"800\" height=\"800\" src=\"https:\/\/cdtierrasdecastilla.es\/wp-content\/uploads\/2025\/05\/ciudad-europea-del-deporte.png\" class=\"slider-159 slide-163\" alt=\"\" rel=\"\" title=\"ciudad europea del deporte\" srcset=\"https:\/\/cdtierrasdecastilla.es\/wp-content\/uploads\/2025\/05\/ciudad-europea-del-deporte.png 800w, https:\/\/cdtierrasdecastilla.es\/wp-content\/uploads\/2025\/05\/ciudad-europea-del-deporte-300x300.png 300w, https:\/\/cdtierrasdecastilla.es\/wp-content\/uploads\/2025\/05\/ciudad-europea-del-deporte-150x150.png 150w, https:\/\/cdtierrasdecastilla.es\/wp-content\/uploads\/2025\/05\/ciudad-europea-del-deporte-768x768.png 768w\" sizes=\"(max-width: 800px) 100vw, 800px\" \/><\/a><\/li>\n                <li style=\"display: none; width: 100%;\" class=\"slide-164 ms-image \" aria-roledescription=\"slide\" aria-label=\"slide-164\"><a href=\"https:\/\/www.diputoledo.es\/\" target=\"_blank\"><img loading=\"lazy\" decoding=\"async\" width=\"800\" height=\"800\" src=\"https:\/\/cdtierrasdecastilla.es\/wp-content\/uploads\/2025\/05\/Diputacion-Toledo.png\" class=\"slider-159 slide-164\" alt=\"\" rel=\"\" title=\"Diputaci\u00f3n Toledo\" srcset=\"https:\/\/cdtierrasdecastilla.es\/wp-content\/uploads\/2025\/05\/Diputacion-Toledo.png 800w, https:\/\/cdtierrasdecastilla.es\/wp-content\/uploads\/2025\/05\/Diputacion-Toledo-300x300.png 300w, https:\/\/cdtierrasdecastilla.es\/wp-content\/uploads\/2025\/05\/Diputacion-Toledo-150x150.png 150w, https:\/\/cdtierrasdecastilla.es\/wp-content\/uploads\/2025\/05\/Diputacion-Toledo-768x768.png 768w\" sizes=\"(max-width: 800px) 100vw, 800px\" \/><\/a><\/li>\n                <li style=\"display: none; width: 100%;\" class=\"slide-165 ms-image \" aria-roledescription=\"slide\" aria-label=\"slide-165\"><a href=\"https:\/\/deportes.castillalamancha.es\/\" target=\"_blank\"><img loading=\"lazy\" decoding=\"async\" width=\"800\" height=\"800\" src=\"https:\/\/cdtierrasdecastilla.es\/wp-content\/uploads\/2025\/05\/Junta-CLM.png\" class=\"slider-159 slide-165\" alt=\"\" rel=\"\" title=\"Junta CLM\" srcset=\"https:\/\/cdtierrasdecastilla.es\/wp-content\/uploads\/2025\/05\/Junta-CLM.png 800w, https:\/\/cdtierrasdecastilla.es\/wp-content\/uploads\/2025\/05\/Junta-CLM-300x300.png 300w, https:\/\/cdtierrasdecastilla.es\/wp-content\/uploads\/2025\/05\/Junta-CLM-150x150.png 150w, https:\/\/cdtierrasdecastilla.es\/wp-content\/uploads\/2025\/05\/Junta-CLM-768x768.png 768w\" sizes=\"(max-width: 800px) 100vw, 800px\" \/><\/a><\/li>\n            <\/ul>\n        <\/div>\n        \n    <\/div>\n<\/div>\n\t<\/h2>\n<h2>\n\t\t<div id=\"metaslider-id-182\" style=\"width: 100%; margin: 0 auto;\" class=\"ml-slider-3-62-0 metaslider metaslider-flex metaslider-182 ml-slider ms-theme-cubic nav-hidden nav-hidden has-carousel-mode\" role=\"region\" aria-roledescription=\"Slideshow\" aria-label=\"Subida PRIV 25\">\n    <div id=\"metaslider_container_182\">\n        <div id=\"metaslider_182\">\n            <ul aria-live=\"polite\" class=\"slides\">\n                <li style=\"display: none; width: 100%;\" class=\"slide-203 ms-image \" aria-roledescription=\"slide\" aria-label=\"slide-203\"><a href=\"https:\/\/www.ocsa.es\/\" target=\"_blank\"><img loading=\"lazy\" decoding=\"async\" width=\"800\" height=\"800\" src=\"https:\/\/cdtierrasdecastilla.es\/wp-content\/uploads\/2025\/05\/Ocsa.png\" class=\"slider-182 slide-203\" alt=\"\" rel=\"\" title=\"Ocsa\" srcset=\"https:\/\/cdtierrasdecastilla.es\/wp-content\/uploads\/2025\/05\/Ocsa.png 800w, https:\/\/cdtierrasdecastilla.es\/wp-content\/uploads\/2025\/05\/Ocsa-300x300.png 300w, https:\/\/cdtierrasdecastilla.es\/wp-content\/uploads\/2025\/05\/Ocsa-150x150.png 150w, https:\/\/cdtierrasdecastilla.es\/wp-content\/uploads\/2025\/05\/Ocsa-768x768.png 768w\" sizes=\"(max-width: 800px) 100vw, 800px\" \/><\/a><\/li>\n                <li style=\"display: none; width: 100%;\" class=\"slide-201 ms-image \" aria-roledescription=\"slide\" aria-label=\"slide-201\"><a href=\"https:\/\/www.instagram.com\/illescautocasion\/\" target=\"_blank\"><img loading=\"lazy\" decoding=\"async\" width=\"800\" height=\"800\" src=\"https:\/\/cdtierrasdecastilla.es\/wp-content\/uploads\/2025\/05\/Illescauto.png\" class=\"slider-182 slide-201\" alt=\"\" rel=\"\" title=\"Illescauto\" srcset=\"https:\/\/cdtierrasdecastilla.es\/wp-content\/uploads\/2025\/05\/Illescauto.png 800w, https:\/\/cdtierrasdecastilla.es\/wp-content\/uploads\/2025\/05\/Illescauto-300x300.png 300w, https:\/\/cdtierrasdecastilla.es\/wp-content\/uploads\/2025\/05\/Illescauto-150x150.png 150w, https:\/\/cdtierrasdecastilla.es\/wp-content\/uploads\/2025\/05\/Illescauto-768x768.png 768w\" sizes=\"(max-width: 800px) 100vw, 800px\" \/><\/a><\/li>\n                <li style=\"display: none; width: 100%;\" class=\"slide-200 ms-image \" aria-roledescription=\"slide\" aria-label=\"slide-200\"><img loading=\"lazy\" decoding=\"async\" width=\"800\" height=\"800\" src=\"https:\/\/cdtierrasdecastilla.es\/wp-content\/uploads\/2025\/05\/Gruas-Escolar.png\" class=\"slider-182 slide-200\" alt=\"\" rel=\"\" title=\"Gr\u00faas Escolar\" srcset=\"https:\/\/cdtierrasdecastilla.es\/wp-content\/uploads\/2025\/05\/Gruas-Escolar.png 800w, https:\/\/cdtierrasdecastilla.es\/wp-content\/uploads\/2025\/05\/Gruas-Escolar-300x300.png 300w, https:\/\/cdtierrasdecastilla.es\/wp-content\/uploads\/2025\/05\/Gruas-Escolar-150x150.png 150w, https:\/\/cdtierrasdecastilla.es\/wp-content\/uploads\/2025\/05\/Gruas-Escolar-768x768.png 768w\" sizes=\"(max-width: 800px) 100vw, 800px\" \/><\/li>\n                <li style=\"display: none; width: 100%;\" class=\"slide-207 ms-image \" aria-roledescription=\"slide\" aria-label=\"slide-207\"><a href=\"https:\/\/www.instagram.com\/jrburguerillescas\/?hl=es\" target=\"_blank\"><img loading=\"lazy\" decoding=\"async\" width=\"800\" height=\"800\" src=\"https:\/\/cdtierrasdecastilla.es\/wp-content\/uploads\/2025\/05\/burger-jr.png\" class=\"slider-182 slide-207\" alt=\"\" rel=\"\" title=\"burger jr\" srcset=\"https:\/\/cdtierrasdecastilla.es\/wp-content\/uploads\/2025\/05\/burger-jr.png 800w, https:\/\/cdtierrasdecastilla.es\/wp-content\/uploads\/2025\/05\/burger-jr-300x300.png 300w, https:\/\/cdtierrasdecastilla.es\/wp-content\/uploads\/2025\/05\/burger-jr-150x150.png 150w, https:\/\/cdtierrasdecastilla.es\/wp-content\/uploads\/2025\/05\/burger-jr-768x768.png 768w\" sizes=\"(max-width: 800px) 100vw, 800px\" \/><\/a><\/li>\n                <li style=\"display: none; width: 100%;\" class=\"slide-202 ms-image \" aria-roledescription=\"slide\" aria-label=\"slide-202\"><a href=\"https:\/\/www.instagram.com\/chapaypinturalarosa\/?hl=es\" target=\"_blank\"><img loading=\"lazy\" decoding=\"async\" width=\"800\" height=\"800\" src=\"https:\/\/cdtierrasdecastilla.es\/wp-content\/uploads\/2025\/05\/La-rosa.png\" class=\"slider-182 slide-202\" alt=\"\" rel=\"\" title=\"La rosa\" srcset=\"https:\/\/cdtierrasdecastilla.es\/wp-content\/uploads\/2025\/05\/La-rosa.png 800w, https:\/\/cdtierrasdecastilla.es\/wp-content\/uploads\/2025\/05\/La-rosa-300x300.png 300w, https:\/\/cdtierrasdecastilla.es\/wp-content\/uploads\/2025\/05\/La-rosa-150x150.png 150w, https:\/\/cdtierrasdecastilla.es\/wp-content\/uploads\/2025\/05\/La-rosa-768x768.png 768w\" sizes=\"(max-width: 800px) 100vw, 800px\" \/><\/a><\/li>\n                <li style=\"display: none; width: 100%;\" class=\"slide-204 ms-image \" aria-roledescription=\"slide\" aria-label=\"slide-204\"><a href=\"https:\/\/www.facebook.com\/p\/Talleres-QRT-competicion-100064519069097\/?locale=es_ES\" target=\"_blank\"><img loading=\"lazy\" decoding=\"async\" width=\"800\" height=\"800\" src=\"https:\/\/cdtierrasdecastilla.es\/wp-content\/uploads\/2025\/05\/QRT.png\" class=\"slider-182 slide-204\" alt=\"\" rel=\"\" title=\"QRT\" srcset=\"https:\/\/cdtierrasdecastilla.es\/wp-content\/uploads\/2025\/05\/QRT.png 800w, https:\/\/cdtierrasdecastilla.es\/wp-content\/uploads\/2025\/05\/QRT-300x300.png 300w, https:\/\/cdtierrasdecastilla.es\/wp-content\/uploads\/2025\/05\/QRT-150x150.png 150w, https:\/\/cdtierrasdecastilla.es\/wp-content\/uploads\/2025\/05\/QRT-768x768.png 768w\" sizes=\"(max-width: 800px) 100vw, 800px\" \/><\/a><\/li>\n                <li style=\"display: none; width: 100%;\" class=\"slide-206 ms-image \" aria-roledescription=\"slide\" aria-label=\"slide-206\"><a href=\"http:\/\/www.frutasbolado.es\/\" target=\"_blank\"><img loading=\"lazy\" decoding=\"async\" width=\"800\" height=\"800\" src=\"https:\/\/cdtierrasdecastilla.es\/wp-content\/uploads\/2025\/05\/Bolado.png\" class=\"slider-182 slide-206\" alt=\"\" rel=\"\" title=\"Bolado\" srcset=\"https:\/\/cdtierrasdecastilla.es\/wp-content\/uploads\/2025\/05\/Bolado.png 800w, https:\/\/cdtierrasdecastilla.es\/wp-content\/uploads\/2025\/05\/Bolado-300x300.png 300w, https:\/\/cdtierrasdecastilla.es\/wp-content\/uploads\/2025\/05\/Bolado-150x150.png 150w, https:\/\/cdtierrasdecastilla.es\/wp-content\/uploads\/2025\/05\/Bolado-768x768.png 768w\" sizes=\"(max-width: 800px) 100vw, 800px\" \/><\/a><\/li>\n                <li style=\"display: none; width: 100%;\" class=\"slide-209 ms-image \" aria-roledescription=\"slide\" aria-label=\"slide-209\"><a href=\"http:\/\/www.sadominguez.es\/\" target=\"_blank\"><img loading=\"lazy\" decoding=\"async\" width=\"800\" height=\"800\" src=\"https:\/\/cdtierrasdecastilla.es\/wp-content\/uploads\/2025\/05\/Dominguez-repuestos.png\" class=\"slider-182 slide-209\" alt=\"\" rel=\"\" title=\"Dom\u00ednguez repuestos\" srcset=\"https:\/\/cdtierrasdecastilla.es\/wp-content\/uploads\/2025\/05\/Dominguez-repuestos.png 800w, https:\/\/cdtierrasdecastilla.es\/wp-content\/uploads\/2025\/05\/Dominguez-repuestos-300x300.png 300w, https:\/\/cdtierrasdecastilla.es\/wp-content\/uploads\/2025\/05\/Dominguez-repuestos-150x150.png 150w, https:\/\/cdtierrasdecastilla.es\/wp-content\/uploads\/2025\/05\/Dominguez-repuestos-768x768.png 768w\" sizes=\"(max-width: 800px) 100vw, 800px\" \/><\/a><\/li>\n                <li style=\"display: none; width: 100%;\" class=\"slide-208 ms-image \" aria-roledescription=\"slide\" aria-label=\"slide-208\"><a href=\"https:\/\/tallerescesteros.com\/\" target=\"_blank\"><img loading=\"lazy\" decoding=\"async\" width=\"800\" height=\"800\" src=\"https:\/\/cdtierrasdecastilla.es\/wp-content\/uploads\/2025\/05\/Cesteros-2-copia.png\" class=\"slider-182 slide-208\" alt=\"\" rel=\"\" title=\"Cesteros (2) - copia\" srcset=\"https:\/\/cdtierrasdecastilla.es\/wp-content\/uploads\/2025\/05\/Cesteros-2-copia.png 800w, https:\/\/cdtierrasdecastilla.es\/wp-content\/uploads\/2025\/05\/Cesteros-2-copia-300x300.png 300w, https:\/\/cdtierrasdecastilla.es\/wp-content\/uploads\/2025\/05\/Cesteros-2-copia-150x150.png 150w, https:\/\/cdtierrasdecastilla.es\/wp-content\/uploads\/2025\/05\/Cesteros-2-copia-768x768.png 768w\" sizes=\"(max-width: 800px) 100vw, 800px\" \/><\/a><\/li>\n                <li style=\"display: none; width: 100%;\" class=\"slide-205 ms-image \" aria-roledescription=\"slide\" aria-label=\"slide-205\"><img loading=\"lazy\" decoding=\"async\" width=\"800\" height=\"800\" src=\"https:\/\/cdtierrasdecastilla.es\/wp-content\/uploads\/2025\/05\/autolunas-alfra.png\" class=\"slider-182 slide-205\" alt=\"\" rel=\"\" title=\"autolunas alfra\" srcset=\"https:\/\/cdtierrasdecastilla.es\/wp-content\/uploads\/2025\/05\/autolunas-alfra.png 800w, https:\/\/cdtierrasdecastilla.es\/wp-content\/uploads\/2025\/05\/autolunas-alfra-300x300.png 300w, https:\/\/cdtierrasdecastilla.es\/wp-content\/uploads\/2025\/05\/autolunas-alfra-150x150.png 150w, https:\/\/cdtierrasdecastilla.es\/wp-content\/uploads\/2025\/05\/autolunas-alfra-768x768.png 768w\" sizes=\"(max-width: 800px) 100vw, 800px\" \/><\/li>\n            <\/ul>\n        <\/div>\n        \n    <\/div>\n<\/div>\n\t<\/h2>\n\n","protected":false},"excerpt":{"rendered":"<p>Tramo Cronometrado en subida &#8211; Ciudad Imperial Toledo GU\u00cdA DEL ESPECTADOR El Recorrido Ya puedes revisar el mapa interactivo del recorrido. Recordad situaros en lugares seguros y atender siempre las indicaciones de los oficiales. Inscripciones Las inscripciones se realizar\u00e1n a trav\u00e9s de la plataforma Podium de la FMA desde el d\u00eda 6 de Mayo a [&hellip;]<\/p>\n","protected":false},"author":1,"featured_media":0,"parent":0,"menu_order":0,"comment_status":"closed","ping_status":"closed","template":"","meta":{"site-sidebar-layout":"no-sidebar","site-content-layout":"plain-container","ast-site-content-layout":"","site-content-style":"default","site-sidebar-style":"default","ast-global-header-display":"","ast-banner-title-visibility":"","ast-main-header-display":"","ast-hfb-above-header-display":"","ast-hfb-below-header-display":"","ast-hfb-mobile-header-display":"","site-post-title":"disabled","ast-breadcrumbs-content":"","ast-featured-img":"","footer-sml-layout":"","theme-transparent-header-meta":"enabled","adv-header-id-meta":"","stick-header-meta":"","header-above-stick-meta":"","header-main-stick-meta":"","header-below-stick-meta":"","astra-migrate-meta-layouts":"default","ast-page-background-enabled":"default","ast-page-background-meta":{"desktop":{"background-color":"var(--ast-global-color-4)","background-image":"","background-repeat":"repeat","background-position":"center center","background-size":"auto","background-attachment":"scroll","background-type":"","background-media":"","overlay-type":"","overlay-color":"","overlay-gradient":""},"tablet":{"background-color":"","background-image":"","background-repeat":"repeat","background-position":"center center","background-size":"auto","background-attachment":"scroll","background-type":"","background-media":"","overlay-type":"","overlay-color":"","overlay-gradient":""},"mobile":{"background-color":"","background-image":"","background-repeat":"repeat","background-position":"center center","background-size":"auto","background-attachment":"scroll","background-type":"","background-media":"","overlay-type":"","overlay-color":"","overlay-gradient":""}},"ast-content-background-meta":{"desktop":{"background-color":"var(--ast-global-color-5)","background-image":"","background-repeat":"repeat","background-position":"center center","background-size":"auto","background-attachment":"scroll","background-type":"","background-media":"","overlay-type":"","overlay-color":"","overlay-gradient":""},"tablet":{"background-color":"var(--ast-global-color-5)","background-image":"","background-repeat":"repeat","background-position":"center center","background-size":"auto","background-attachment":"scroll","background-type":"","background-media":"","overlay-type":"","overlay-color":"","overlay-gradient":""},"mobile":{"background-color":"var(--ast-global-color-5)","background-image":"","background-repeat":"repeat","background-position":"center center","background-size":"auto","background-attachment":"scroll","background-type":"","background-media":"","overlay-type":"","overlay-color":"","overlay-gradient":""}},"footnotes":""},"_links":{"self":[{"href":"https:\/\/cdtierrasdecastilla.es\/index.php\/wp-json\/wp\/v2\/pages\/137"}],"collection":[{"href":"https:\/\/cdtierrasdecastilla.es\/index.php\/wp-json\/wp\/v2\/pages"}],"about":[{"href":"https:\/\/cdtierrasdecastilla.es\/index.php\/wp-json\/wp\/v2\/types\/page"}],"author":[{"embeddable":true,"href":"https:\/\/cdtierrasdecastilla.es\/index.php\/wp-json\/wp\/v2\/users\/1"}],"replies":[{"embeddable":true,"href":"https:\/\/cdtierrasdecastilla.es\/index.php\/wp-json\/wp\/v2\/comments?post=137"}],"version-history":[{"count":5,"href":"https:\/\/cdtierrasdecastilla.es\/index.php\/wp-json\/wp\/v2\/pages\/137\/revisions"}],"predecessor-version":[{"id":210,"href":"https:\/\/cdtierrasdecastilla.es\/index.php\/wp-json\/wp\/v2\/pages\/137\/revisions\/210"}],"wp:attachment":[{"href":"https:\/\/cdtierrasdecastilla.es\/index.php\/wp-json\/wp\/v2\/media?parent=137"}],"curies":[{"name":"wp","href":"https:\/\/api.w.org\/{rel}","templated":true}]}}